{"id":3305,"date":"2018-04-14T17:35:34","date_gmt":"2018-04-14T14:35:34","guid":{"rendered":"http:\/\/akdenizdemirdograma.com\/yeni\/?page_id=3305"},"modified":"2022-05-24T02:11:10","modified_gmt":"2022-05-23T23:11:10","slug":"uskudarkaynak","status":"publish","type":"page","link":"https:\/\/www.akdenizdemirdograma.com\/index.php\/uskudarkaynak\/","title":{"rendered":"Hizmetlerimiz"},"content":{"rendered":"<div id='av-masonry-1' class='av-masonry noHover av-fixed-size av-large-gap av-hover-overlay- av-masonry-col-3 av-caption-on-hover-hide av-caption-style-overlay '  ><div class='av-masonry-container isotope av-js-disabled ' ><div class='av-masonry-entry isotope-item av-masonry-item-no-image all_sort html_sort '><\/div><a href=\"https:\/\/www.akdenizdemirdograma.com\/index.php\/portfolio-item\/teras-sundurmalari\/\" id='av-masonry-1-item-3370' data-av-masonry-item='3370' class='av-masonry-entry isotope-item post-3370 portfolio type-portfolio status-publish has-post-thumbnail hentry portfolio_entries-html all_sort html_sort  av-masonry-item-with-image' title=\"TERAS SUNDURMALARI\"  itemscope=\"itemscope\" itemtype=\"https:\/\/schema.org\/CreativeWork\" ><div class='av-inner-masonry-sizer'><\/div><figure class='av-inner-masonry main_color'><div class=\"av-masonry-outerimage-container\"><div class=\"av-masonry-image-container\" style=\"background-image: url(https:\/\/www.akdenizdemirdograma.com\/wp-content\/uploads\/2018\/04\/TERAS-SUNDURMA-1-705x529.jpg);\"><img src=\"https:\/\/www.akdenizdemirdograma.com\/wp-content\/uploads\/2018\/04\/TERAS-SUNDURMA-1-705x529.jpg\" title=\"TERAS-SUNDURMA-(1)\" alt=\"\" \/><\/div><\/div><figcaption class='av-inner-masonry-content site-background'><div class='av-inner-masonry-content-pos'><div class='av-inner-masonry-content-pos-content'><div class='avia-arrow'><\/div><h3 class='av-masonry-entry-title entry-title'  itemprop=\"headline\" >TERAS SUNDURMALARI<\/h3><div class='av-masonry-entry-content entry-content'  itemprop=\"text\" >\r\n\r\n<\/div><\/div><\/div><\/figcaption><\/figure><\/a><!--end av-masonry entry--><a href=\"https:\/\/www.akdenizdemirdograma.com\/index.php\/portfolio-item\/pencere-korkuluklari\/\" id='av-masonry-1-item-3368' data-av-masonry-item='3368' class='av-masonry-entry isotope-item post-3368 portfolio type-portfolio status-publish has-post-thumbnail hentry portfolio_entries-html all_sort html_sort  av-masonry-item-with-image' title=\"PENCERE KORKULUKLARI\"  itemscope=\"itemscope\" itemtype=\"https:\/\/schema.org\/CreativeWork\" ><div class='av-inner-masonry-sizer'><\/div><figure class='av-inner-masonry main_color'><div class=\"av-masonry-outerimage-container\"><div class=\"av-masonry-image-container\" style=\"background-image: url(https:\/\/www.akdenizdemirdograma.com\/wp-content\/uploads\/2018\/04\/PENCERE-KORKULU\u011eU-4-705x529.jpg);\"><img src=\"https:\/\/www.akdenizdemirdograma.com\/wp-content\/uploads\/2018\/04\/PENCERE-KORKULU\u011eU-4-705x529.jpg\" title=\"PENCERE-KORKULU\u011eU-(4)\" alt=\"\" \/><\/div><\/div><figcaption class='av-inner-masonry-content site-background'><div class='av-inner-masonry-content-pos'><div class='av-inner-masonry-content-pos-content'><div class='avia-arrow'><\/div><h3 class='av-masonry-entry-title entry-title'  itemprop=\"headline\" >PENCERE KORKULUKLARI<\/h3><div class='av-masonry-entry-content entry-content'  itemprop=\"text\" >\r\n\r\n<\/div><\/div><\/div><\/figcaption><\/figure><\/a><!--end av-masonry entry--><a href=\"https:\/\/www.akdenizdemirdograma.com\/index.php\/portfolio-item\/ozel-imalat-depo-kapilari\/\" id='av-masonry-1-item-3357' data-av-masonry-item='3357' class='av-masonry-entry isotope-item post-3357 portfolio type-portfolio status-publish has-post-thumbnail hentry portfolio_entries-html all_sort html_sort  av-masonry-item-with-image' title=\"\u00d6ZEL \u0130MALAT DEPO KAPILARI\"  itemscope=\"itemscope\" itemtype=\"https:\/\/schema.org\/CreativeWork\" ><div class='av-inner-masonry-sizer'><\/div><figure class='av-inner-masonry main_color'><div class=\"av-masonry-outerimage-container\"><div class=\"av-masonry-image-container\" style=\"background-image: url(https:\/\/www.akdenizdemirdograma.com\/wp-content\/uploads\/2018\/04\/DEPO-KAPI-1-397x705.jpg);\"><img src=\"https:\/\/www.akdenizdemirdograma.com\/wp-content\/uploads\/2018\/04\/DEPO-KAPI-1-397x705.jpg\" title=\"DEPO-KAPI-(1)\" alt=\"\" \/><\/div><\/div><figcaption class='av-inner-masonry-content site-background'><div class='av-inner-masonry-content-pos'><div class='av-inner-masonry-content-pos-content'><div class='avia-arrow'><\/div><h3 class='av-masonry-entry-title entry-title'  itemprop=\"headline\" >\u00d6ZEL \u0130MALAT DEPO KAPILARI<\/h3><div class='av-masonry-entry-content entry-content'  itemprop=\"text\" >\r\n\r\n<\/div><\/div><\/div><\/figcaption><\/figure><\/a><!--end av-masonry entry--><a href=\"https:\/\/www.akdenizdemirdograma.com\/index.php\/portfolio-item\/makine-daire-kapilari\/\" id='av-masonry-1-item-3365' data-av-masonry-item='3365' class='av-masonry-entry isotope-item post-3365 portfolio type-portfolio status-publish has-post-thumbnail hentry portfolio_entries-html all_sort html_sort  av-masonry-item-with-image' title=\"MAK\u0130NA DA\u0130RE KAPILARI\"  itemscope=\"itemscope\" itemtype=\"https:\/\/schema.org\/CreativeWork\" ><div class='av-inner-masonry-sizer'><\/div><figure class='av-inner-masonry main_color'><div class=\"av-masonry-outerimage-container\"><div class=\"av-masonry-image-container\" style=\"background-image: url(https:\/\/www.akdenizdemirdograma.com\/wp-content\/uploads\/2018\/04\/MAK-DA\u0130-KAPISI-7-397x705.jpg);\"><img src=\"https:\/\/www.akdenizdemirdograma.com\/wp-content\/uploads\/2018\/04\/MAK-DA\u0130-KAPISI-7-397x705.jpg\" title=\"MAK-DA\u0130-KAPISI-(7)\" alt=\"\" \/><\/div><\/div><figcaption class='av-inner-masonry-content site-background'><div class='av-inner-masonry-content-pos'><div class='av-inner-masonry-content-pos-content'><div class='avia-arrow'><\/div><h3 class='av-masonry-entry-title entry-title'  itemprop=\"headline\" >MAK\u0130NA DA\u0130RE KAPILARI<\/h3><div class='av-masonry-entry-content entry-content'  itemprop=\"text\" >\r\n\r\n<\/div><\/div><\/div><\/figcaption><\/figure><\/a><!--end av-masonry entry--><a href=\"https:\/\/www.akdenizdemirdograma.com\/index.php\/portfolio-item\/insaat-alani-koruma-panolari\/\" id='av-masonry-1-item-3363' data-av-masonry-item='3363' class='av-masonry-entry isotope-item post-3363 portfolio type-portfolio status-publish has-post-thumbnail hentry portfolio_entries-html all_sort html_sort  av-masonry-item-with-image' title=\"\u0130N\u015eAAT ALANI KORUMA PANOLARI\"  itemscope=\"itemscope\" itemtype=\"https:\/\/schema.org\/CreativeWork\" ><div class='av-inner-masonry-sizer'><\/div><figure class='av-inner-masonry main_color'><div class=\"av-masonry-outerimage-container\"><div class=\"av-masonry-image-container\" style=\"background-image: url(https:\/\/www.akdenizdemirdograma.com\/wp-content\/uploads\/2018\/04\/\u0130N\u015eAAT-KORUMASI-2-397x705.jpg);\"><img src=\"https:\/\/www.akdenizdemirdograma.com\/wp-content\/uploads\/2018\/04\/\u0130N\u015eAAT-KORUMASI-2-397x705.jpg\" title=\"\u0130N\u015eAAT-KORUMASI-(2)\" alt=\"\" \/><\/div><\/div><figcaption class='av-inner-masonry-content site-background'><div class='av-inner-masonry-content-pos'><div class='av-inner-masonry-content-pos-content'><div class='avia-arrow'><\/div><h3 class='av-masonry-entry-title entry-title'  itemprop=\"headline\" >\u0130N\u015eAAT ALANI KORUMA PANOLARI<\/h3><div class='av-masonry-entry-content entry-content'  itemprop=\"text\" >\r\n\r\n<\/div><\/div><\/div><\/figcaption><\/figure><\/a><!--end av-masonry entry--><a href=\"https:\/\/www.akdenizdemirdograma.com\/index.php\/portfolio-item\/genel-demir-imalatlarimiz\/\" id='av-masonry-1-item-3361' data-av-masonry-item='3361' class='av-masonry-entry isotope-item post-3361 portfolio type-portfolio status-publish has-post-thumbnail hentry portfolio_entries-html all_sort html_sort  av-masonry-item-with-image' title=\"GENEL \u0130MALATLARIMIZ\"  itemscope=\"itemscope\" itemtype=\"https:\/\/schema.org\/CreativeWork\" ><div class='av-inner-masonry-sizer'><\/div><figure class='av-inner-masonry main_color'><div class=\"av-masonry-outerimage-container\"><div class=\"av-masonry-image-container\" style=\"background-image: url(https:\/\/www.akdenizdemirdograma.com\/wp-content\/uploads\/2018\/04\/GENEL-\u0130\u015eLER-1-705x397.jpg);\"><img src=\"https:\/\/www.akdenizdemirdograma.com\/wp-content\/uploads\/2018\/04\/GENEL-\u0130\u015eLER-1-705x397.jpg\" title=\"GENEL-\u0130\u015eLER-(1)\" alt=\"\" \/><\/div><\/div><figcaption class='av-inner-masonry-content site-background'><div class='av-inner-masonry-content-pos'><div class='av-inner-masonry-content-pos-content'><div class='avia-arrow'><\/div><h3 class='av-masonry-entry-title entry-title'  itemprop=\"headline\" >GENEL \u0130MALATLARIMIZ<\/h3><div class='av-masonry-entry-content entry-content'  itemprop=\"text\" >\r\n\r\n<\/div><\/div><\/div><\/figcaption><\/figure><\/a><!--end av-masonry entry--><a href=\"https:\/\/www.akdenizdemirdograma.com\/index.php\/portfolio-item\/emniyet-kapilari\/\" id='av-masonry-1-item-3359' data-av-masonry-item='3359' class='av-masonry-entry isotope-item post-3359 portfolio type-portfolio status-publish has-post-thumbnail hentry portfolio_entries-html all_sort html_sort  av-masonry-item-with-image' title=\"EMN\u0130YET KAPILARI\"  itemscope=\"itemscope\" itemtype=\"https:\/\/schema.org\/CreativeWork\" ><div class='av-inner-masonry-sizer'><\/div><figure class='av-inner-masonry main_color'><div class=\"av-masonry-outerimage-container\"><div class=\"av-masonry-image-container\" style=\"background-image: url(https:\/\/www.akdenizdemirdograma.com\/wp-content\/uploads\/2018\/04\/EMN\u0130YET-KAPISI-4-529x705.jpg);\"><img src=\"https:\/\/www.akdenizdemirdograma.com\/wp-content\/uploads\/2018\/04\/EMN\u0130YET-KAPISI-4-529x705.jpg\" title=\"EMN\u0130YET-KAPISI-(4)\" alt=\"\" \/><\/div><\/div><figcaption class='av-inner-masonry-content site-background'><div class='av-inner-masonry-content-pos'><div class='av-inner-masonry-content-pos-content'><div class='avia-arrow'><\/div><h3 class='av-masonry-entry-title entry-title'  itemprop=\"headline\" >EMN\u0130YET KAPILARI<\/h3><div class='av-masonry-entry-content entry-content'  itemprop=\"text\" >\r\n\r\n<\/div><\/div><\/div><\/figcaption><\/figure><\/a><!--end av-masonry entry--><a href=\"https:\/\/www.akdenizdemirdograma.com\/index.php\/portfolio-item\/demir-merdivenler\/\" id='av-masonry-1-item-3355' data-av-masonry-item='3355' class='av-masonry-entry isotope-item post-3355 portfolio type-portfolio status-publish has-post-thumbnail hentry portfolio_entries-html all_sort html_sort  av-masonry-item-with-image' title=\"DEM\u0130R MERD\u0130VENLER\"  itemscope=\"itemscope\" itemtype=\"https:\/\/schema.org\/CreativeWork\" ><div class='av-inner-masonry-sizer'><\/div><figure class='av-inner-masonry main_color'><div class=\"av-masonry-outerimage-container\"><div class=\"av-masonry-image-container\" style=\"background-image: url(https:\/\/www.akdenizdemirdograma.com\/wp-content\/uploads\/2018\/04\/MRD-1-529x705.jpg);\"><img src=\"https:\/\/www.akdenizdemirdograma.com\/wp-content\/uploads\/2018\/04\/MRD-1-529x705.jpg\" title=\"MRD-(1)\" alt=\"\" \/><\/div><\/div><figcaption class='av-inner-masonry-content site-background'><div class='av-inner-masonry-content-pos'><div class='av-inner-masonry-content-pos-content'><div class='avia-arrow'><\/div><h3 class='av-masonry-entry-title entry-title'  itemprop=\"headline\" >DEM\u0130R MERD\u0130VENLER<\/h3><div class='av-masonry-entry-content entry-content'  itemprop=\"text\" >\r\n\r\n<\/div><\/div><\/div><\/figcaption><\/figure><\/a><!--end av-masonry entry--><a href=\"https:\/\/www.akdenizdemirdograma.com\/index.php\/portfolio-item\/celik-cati-izolasyonlari\/\" id='av-masonry-1-item-3349' data-av-masonry-item='3349' class='av-masonry-entry isotope-item post-3349 portfolio type-portfolio status-publish has-post-thumbnail hentry portfolio_entries-html all_sort html_sort  av-masonry-item-with-image' title=\"\u00c7EL\u0130K \u00c7ATI \u0130ZOLASYONLARI\"  itemscope=\"itemscope\" itemtype=\"https:\/\/schema.org\/CreativeWork\" ><div class='av-inner-masonry-sizer'><\/div><figure class='av-inner-masonry main_color'><div class=\"av-masonry-outerimage-container\"><div class=\"av-masonry-image-container\" style=\"background-image: url(https:\/\/www.akdenizdemirdograma.com\/wp-content\/uploads\/2018\/04\/\u00c7ATI-\u0130ZOLASYON-10-705x529.jpg);\"><img src=\"https:\/\/www.akdenizdemirdograma.com\/wp-content\/uploads\/2018\/04\/\u00c7ATI-\u0130ZOLASYON-10-705x529.jpg\" title=\"\u00c7ATI-\u0130ZOLASYON-(10)\" alt=\"\" \/><\/div><\/div><figcaption class='av-inner-masonry-content site-background'><div class='av-inner-masonry-content-pos'><div class='av-inner-masonry-content-pos-content'><div class='avia-arrow'><\/div><h3 class='av-masonry-entry-title entry-title'  itemprop=\"headline\" >\u00c7EL\u0130K \u00c7ATI \u0130ZOLASYONLARI<\/h3><div class='av-masonry-entry-content entry-content'  itemprop=\"text\" >\r\n\r\n<\/div><\/div><\/div><\/figcaption><\/figure><\/a><!--end av-masonry entry--><a href=\"https:\/\/www.akdenizdemirdograma.com\/index.php\/portfolio-item\/celik-cati-osb\/\" id='av-masonry-1-item-3353' data-av-masonry-item='3353' class='av-masonry-entry isotope-item post-3353 portfolio type-portfolio status-publish has-post-thumbnail hentry portfolio_entries-html all_sort html_sort  av-masonry-item-with-image' title=\"\u00c7EL\u0130K \u00c7ATI D\u00d6\u015eEME\"  itemscope=\"itemscope\" itemtype=\"https:\/\/schema.org\/CreativeWork\" ><div class='av-inner-masonry-sizer'><\/div><figure class='av-inner-masonry main_color'><div class=\"av-masonry-outerimage-container\"><div class=\"av-masonry-image-container\" style=\"background-image: url(https:\/\/www.akdenizdemirdograma.com\/wp-content\/uploads\/2018\/04\/\u00c7EL\u0130K-\u00c7ATI-D\u00d6\u015eEME-21-705x529.jpg);\"><img src=\"https:\/\/www.akdenizdemirdograma.com\/wp-content\/uploads\/2018\/04\/\u00c7EL\u0130K-\u00c7ATI-D\u00d6\u015eEME-21-705x529.jpg\" title=\"\u00c7EL\u0130K-\u00c7ATI-D\u00d6\u015eEME-(21)\" alt=\"\" \/><\/div><\/div><figcaption class='av-inner-masonry-content site-background'><div class='av-inner-masonry-content-pos'><div class='av-inner-masonry-content-pos-content'><div class='avia-arrow'><\/div><h3 class='av-masonry-entry-title entry-title'  itemprop=\"headline\" >\u00c7EL\u0130K \u00c7ATI D\u00d6\u015eEME<\/h3><div class='av-masonry-entry-content entry-content'  itemprop=\"text\" >\r\n\r\n<\/div><\/div><\/div><\/figcaption><\/figure><\/a><!--end av-masonry entry--><a href=\"https:\/\/www.akdenizdemirdograma.com\/index.php\/portfolio-item\/celik-cati-karkas\/\" id='av-masonry-1-item-3351' data-av-masonry-item='3351' class='av-masonry-entry isotope-item post-3351 portfolio type-portfolio status-publish has-post-thumbnail hentry portfolio_entries-html all_sort html_sort  av-masonry-item-with-image' title=\"\u00c7EL\u0130K \u00c7ATI\"  itemscope=\"itemscope\" itemtype=\"https:\/\/schema.org\/CreativeWork\" ><div class='av-inner-masonry-sizer'><\/div><figure class='av-inner-masonry main_color'><div class=\"av-masonry-outerimage-container\"><div class=\"av-masonry-image-container\" style=\"background-image: url(https:\/\/www.akdenizdemirdograma.com\/wp-content\/uploads\/2018\/04\/\u00c7EL\u0130K\u00c7ATI-1-705x397.jpg);\"><img src=\"https:\/\/www.akdenizdemirdograma.com\/wp-content\/uploads\/2018\/04\/\u00c7EL\u0130K\u00c7ATI-1-705x397.jpg\" title=\"\u00c7EL\u0130K\u00c7ATI-(1)\" alt=\"\" \/><\/div><\/div><figcaption class='av-inner-masonry-content site-background'><div class='av-inner-masonry-content-pos'><div class='av-inner-masonry-content-pos-content'><div class='avia-arrow'><\/div><h3 class='av-masonry-entry-title entry-title'  itemprop=\"headline\" >\u00c7EL\u0130K \u00c7ATI<\/h3><div class='av-masonry-entry-content entry-content'  itemprop=\"text\" >\r\n\r\n<\/div><\/div><\/div><\/figcaption><\/figure><\/a><!--end av-masonry entry--><a href=\"https:\/\/www.akdenizdemirdograma.com\/index.php\/portfolio-item\/bahce-korkuluklari\/\" id='av-masonry-1-item-3347' data-av-masonry-item='3347' class='av-masonry-entry isotope-item post-3347 portfolio type-portfolio status-publish has-post-thumbnail hentry portfolio_entries-html all_sort html_sort  av-masonry-item-with-image' title=\"BAH\u00c7E KORKULUKLARI\"  itemscope=\"itemscope\" itemtype=\"https:\/\/schema.org\/CreativeWork\" ><div class='av-inner-masonry-sizer'><\/div><figure class='av-inner-masonry main_color'><div class=\"av-masonry-outerimage-container\"><div class=\"av-masonry-image-container\" style=\"background-image: url(https:\/\/www.akdenizdemirdograma.com\/wp-content\/uploads\/2018\/04\/BAH\u00c7E-KORKULUKLARI-11-705x529.jpg);\"><img src=\"https:\/\/www.akdenizdemirdograma.com\/wp-content\/uploads\/2018\/04\/BAH\u00c7E-KORKULUKLARI-11-705x529.jpg\" title=\"BAH\u00c7E-KORKULUKLARI-(11)\" alt=\"\" \/><\/div><\/div><figcaption class='av-inner-masonry-content site-background'><div class='av-inner-masonry-content-pos'><div class='av-inner-masonry-content-pos-content'><div class='avia-arrow'><\/div><h3 class='av-masonry-entry-title entry-title'  itemprop=\"headline\" >BAH\u00c7E KORKULUKLARI<\/h3><div class='av-masonry-entry-content entry-content'  itemprop=\"text\" >\r\n\r\n<\/div><\/div><\/div><\/figcaption><\/figure><\/a><!--end av-masonry entry--><a href=\"https:\/\/www.akdenizdemirdograma.com\/index.php\/portfolio-item\/bahce-kapilari\/\" id='av-masonry-1-item-3327' data-av-masonry-item='3327' class='av-masonry-entry isotope-item post-3327 portfolio type-portfolio status-publish has-post-thumbnail hentry portfolio_entries-html all_sort html_sort  av-masonry-item-with-image' title=\"BAH\u00c7E KAPILARI\"  itemscope=\"itemscope\" itemtype=\"https:\/\/schema.org\/CreativeWork\" ><div class='av-inner-masonry-sizer'><\/div><figure class='av-inner-masonry main_color'><div class=\"av-masonry-outerimage-container\"><div class=\"av-masonry-image-container\" style=\"background-image: url(https:\/\/www.akdenizdemirdograma.com\/wp-content\/uploads\/2018\/04\/Kanatl\u0131-1-705x397.jpg);\"><img src=\"https:\/\/www.akdenizdemirdograma.com\/wp-content\/uploads\/2018\/04\/Kanatl\u0131-1-705x397.jpg\" title=\"Kanatl\u0131-1\" alt=\"\" \/><\/div><\/div><figcaption class='av-inner-masonry-content site-background'><div class='av-inner-masonry-content-pos'><div class='av-inner-masonry-content-pos-content'><div class='avia-arrow'><\/div><h3 class='av-masonry-entry-title entry-title'  itemprop=\"headline\" >BAH\u00c7E KAPILARI<\/h3><div class='av-masonry-entry-content entry-content'  itemprop=\"text\" >\r\n\r\n<\/div><\/div><\/div><\/figcaption><\/figure><\/a><!--end av-masonry entry--><a href=\"https:\/\/www.akdenizdemirdograma.com\/index.php\/portfolio-item\/apartman-kapilari\/\" id='av-masonry-1-item-3325' data-av-masonry-item='3325' class='av-masonry-entry isotope-item post-3325 portfolio type-portfolio status-publish has-post-thumbnail hentry portfolio_entries-html all_sort html_sort  av-masonry-item-with-image' title=\"APARTMAN KAPILARI\"  itemscope=\"itemscope\" itemtype=\"https:\/\/schema.org\/CreativeWork\" ><div class='av-inner-masonry-sizer'><\/div><figure class='av-inner-masonry main_color'><div class=\"av-masonry-outerimage-container\"><div class=\"av-masonry-image-container\" style=\"background-image: url(https:\/\/www.akdenizdemirdograma.com\/wp-content\/uploads\/2018\/04\/1-529x705.jpg);\"><img src=\"https:\/\/www.akdenizdemirdograma.com\/wp-content\/uploads\/2018\/04\/1-529x705.jpg\" title=\"1\" alt=\"\" \/><\/div><\/div><figcaption class='av-inner-masonry-content site-background'><div class='av-inner-masonry-content-pos'><div class='av-inner-masonry-content-pos-content'><div class='avia-arrow'><\/div><h3 class='av-masonry-entry-title entry-title'  itemprop=\"headline\" >APARTMAN KAPILARI<\/h3><div class='av-masonry-entry-content entry-content'  itemprop=\"text\" >\r\n\r\n<\/div><\/div><\/div><\/figcaption><\/figure><\/a><!--end av-masonry entry--><a href=\"https:\/\/www.akdenizdemirdograma.com\/index.php\/portfolio-item\/apartman-kapi-sundurmalari\/\" id='av-masonry-1-item-3322' data-av-masonry-item='3322' class='av-masonry-entry isotope-item post-3322 portfolio type-portfolio status-publish has-post-thumbnail hentry portfolio_entries-html all_sort html_sort  av-masonry-item-with-image' title=\"APARTMAN KAPI SUNDURMALARI\"  itemscope=\"itemscope\" itemtype=\"https:\/\/schema.org\/CreativeWork\" ><div class='av-inner-masonry-sizer'><\/div><figure class='av-inner-masonry main_color'><div class=\"av-masonry-outerimage-container\"><div class=\"av-masonry-image-container\" style=\"background-image: url(https:\/\/www.akdenizdemirdograma.com\/wp-content\/uploads\/2018\/04\/Sundurma-1-397x705.jpg);\"><img src=\"https:\/\/www.akdenizdemirdograma.com\/wp-content\/uploads\/2018\/04\/Sundurma-1-397x705.jpg\" title=\"Sundurma-1\" alt=\"\" \/><\/div><\/div><figcaption class='av-inner-masonry-content site-background'><div class='av-inner-masonry-content-pos'><div class='av-inner-masonry-content-pos-content'><div class='avia-arrow'><\/div><h3 class='av-masonry-entry-title entry-title'  itemprop=\"headline\" >APARTMAN KAPI SUNDURMALARI<\/h3><div class='av-masonry-entry-content entry-content'  itemprop=\"text\" >\r\n\r\n<\/div><\/div><\/div><\/figcaption><\/figure><\/a><!--end av-masonry entry--><\/div><\/div>\n","protected":false},"excerpt":{"rendered":"","protected":false},"author":1,"featured_media":0,"parent":0,"menu_order":0,"comment_status":"closed","ping_status":"closed","template":"","meta":[],"_links":{"self":[{"href":"https:\/\/www.akdenizdemirdograma.com\/index.php\/wp-json\/wp\/v2\/pages\/3305"}],"collection":[{"href":"https:\/\/www.akdenizdemirdograma.com\/index.php\/wp-json\/wp\/v2\/pages"}],"about":[{"href":"https:\/\/www.akdenizdemirdograma.com\/index.php\/wp-json\/wp\/v2\/types\/page"}],"author":[{"embeddable":true,"href":"https:\/\/www.akdenizdemirdograma.com\/index.php\/wp-json\/wp\/v2\/users\/1"}],"replies":[{"embeddable":true,"href":"https:\/\/www.akdenizdemirdograma.com\/index.php\/wp-json\/wp\/v2\/comments?post=3305"}],"version-history":[{"count":4,"href":"https:\/\/www.akdenizdemirdograma.com\/index.php\/wp-json\/wp\/v2\/pages\/3305\/revisions"}],"predecessor-version":[{"id":4089,"href":"https:\/\/www.akdenizdemirdograma.com\/index.php\/wp-json\/wp\/v2\/pages\/3305\/revisions\/4089"}],"wp:attachment":[{"href":"https:\/\/www.akdenizdemirdograma.com\/index.php\/wp-json\/wp\/v2\/media?parent=3305"}],"curies":[{"name":"wp","href":"https:\/\/api.w.org\/{rel}","templated":true}]}}